{"id":109,"date":"2025-09-20T01:58:47","date_gmt":"2025-09-20T01:58:47","guid":{"rendered":"https:\/\/itisallmath.com\/web-apps-cases\/"},"modified":"2026-02-20T23:23:41","modified_gmt":"2026-02-20T23:23:41","slug":"web-apps-cases","status":"publish","type":"page","link":"https:\/\/itisallmath.com\/es\/epub-webapp-design\/web-apps-cases\/","title":{"rendered":"Web Apps Cases"},"content":{"rendered":"<div class=\"wp-block-uagb-container uagb-block-92793f03 alignfull uagb-is-root-container\"><div class=\"uagb-container-inner-blocks-wrap\"><\/div><\/div>\n\n\n\n<div class=\"wp-block-uagb-container uagb-block-4f0075da alignfull uagb-is-root-container\"><div class=\"uagb-container-inner-blocks-wrap\">\n<div class=\"wp-block-uagb-advanced-heading uagb-block-baa973fc\"><h1 class=\"uagb-heading-text\">Interactive EPUBs and Web Apps Created with PubCoder<\/h1><\/div>\n<\/div><\/div>\n\n\n\n<div class=\"wp-block-uagb-container uagb-block-fb2ba782 alignfull uagb-is-root-container\"><div class=\"uagb-container-inner-blocks-wrap\">\n<div class=\"wp-block-uagb-container uagb-block-fd5a3958\">\n<div class=\"wp-block-uagb-info-box uagb-block-0c6ed060 uagb-infobox__content-wrap  uagb-infobox-icon-above-title uagb-infobox-image-valign-top\"><div class=\"uagb-ifb-content\"><div class=\"uagb-ifb-title-wrap\"><h3 class=\"uagb-ifb-title\">The Zoo Example<\/h3><\/div><p class=\"uagb-ifb-desc\">This is an excerpt of a more extended web app called The Zoo. In the Epub &#8220;<em>Creating Interactive EPUBs and Web Apps with PubCoder<\/em>&#8220;, soon to be published, I use the&nbsp;<em><strong>The Zoo Example<\/strong><\/em>&nbsp;as a vehicle to teach the methodology to design and publish Interactive EPUBs and Web Apps.<\/p><\/div><\/div>\n<\/div>\n\n\n\n<div class=\"wp-block-uagb-container uagb-block-a988fc34\">\n<figure class=\"wp-block-image size-large\"><a href=\"http:\/\/itisallmath.org\/web-apps\/TheZooExample\/index.html\"><img loading=\"lazy\" decoding=\"async\" width=\"1024\" height=\"768\" src=\"https:\/\/itisallmath.com\/wp-content\/uploads\/2025\/09\/zooImageLandscapeWithTextPalyButton-1024x768.webp\" alt=\"\" class=\"wp-image-585\" srcset=\"https:\/\/itisallmath.com\/wp-content\/uploads\/2025\/09\/zooImageLandscapeWithTextPalyButton-1024x768.webp 1024w, https:\/\/itisallmath.com\/wp-content\/uploads\/2025\/09\/zooImageLandscapeWithTextPalyButton-300x225.webp 300w, https:\/\/itisallmath.com\/wp-content\/uploads\/2025\/09\/zooImageLandscapeWithTextPalyButton-768x576.webp 768w, https:\/\/itisallmath.com\/wp-content\/uploads\/2025\/09\/zooImageLandscapeWithTextPalyButton-1536x1152.webp 1536w, https:\/\/itisallmath.com\/wp-content\/uploads\/2025\/09\/zooImageLandscapeWithTextPalyButton.webp 1822w\" sizes=\"auto, (max-width: 1024px) 100vw, 1024px\" \/><\/a><\/figure>\n<\/div>\n<\/div><\/div>\n\n\n\n<div class=\"wp-block-uagb-container uagb-block-c8007ed1 alignfull uagb-is-root-container\"><div class=\"uagb-container-inner-blocks-wrap\">\n<div class=\"wp-block-uagb-container uagb-block-9e6aa34f\">\n<figure class=\"wp-block-image size-large\"><a href=\"http:\/\/itisallmath.com\/es\/web-apps\/ColombiaGeoBasica\/co_capitales\/index.html\/\"><img loading=\"lazy\" decoding=\"async\" width=\"1024\" height=\"769\" src=\"https:\/\/itisallmath.com\/wp-content\/uploads\/2026\/02\/Ver1_Cover1-1024x769.jpg\" alt=\"\" class=\"wp-image-2216\" srcset=\"https:\/\/itisallmath.com\/wp-content\/uploads\/2026\/02\/Ver1_Cover1-1024x769.jpg 1024w, https:\/\/itisallmath.com\/wp-content\/uploads\/2026\/02\/Ver1_Cover1-300x225.jpg 300w, https:\/\/itisallmath.com\/wp-content\/uploads\/2026\/02\/Ver1_Cover1-768x577.jpg 768w, https:\/\/itisallmath.com\/wp-content\/uploads\/2026\/02\/Ver1_Cover1-1536x1154.jpg 1536w, https:\/\/itisallmath.com\/wp-content\/uploads\/2026\/02\/Ver1_Cover1-2048x1539.jpg 2048w, https:\/\/itisallmath.com\/wp-content\/uploads\/2026\/02\/Ver1_Cover1-16x12.jpg 16w\" sizes=\"auto, (max-width: 1024px) 100vw, 1024px\" \/><\/a><\/figure>\n<\/div>\n\n\n\n<div class=\"wp-block-uagb-container uagb-block-490b0619\">\n<div class=\"wp-block-uagb-info-box uagb-block-23e20990 uagb-infobox__content-wrap  uagb-infobox-icon-above-title uagb-infobox-image-valign-top\"><div class=\"uagb-ifb-content\"><div class=\"uagb-ifb-title-wrap\"><h3 class=\"uagb-ifb-title\">Colombia: Departamentos y sus Capitales<\/h3><\/div><p class=\"uagb-ifb-desc\">Esta es una application interactiva para aprender r\u00e1pidamente la geograf\u00eda pol\u00edtica de Colombia, <strong>Pru\u00e9bala!<\/strong><\/p><\/div><\/div>\n<\/div>\n<\/div><\/div>\n\n\n\n<div class=\"wp-block-uagb-container uagb-block-9d53c49a alignfull uagb-is-root-container\"><div class=\"uagb-container-inner-blocks-wrap\">\n<div class=\"wp-block-uagb-container uagb-block-32af088b\">\n<div class=\"wp-block-uagb-info-box uagb-block-3eaf7c2b uagb-infobox__content-wrap  uagb-infobox-icon-above-title uagb-infobox-image-valign-top\"><div class=\"uagb-ifb-content\"><div class=\"uagb-ifb-title-wrap\"><h3 class=\"uagb-ifb-title\">South America Countries and Capitals<\/h3><\/div><p class=\"uagb-ifb-desc\">This is an interactive web application that will help users learn basic geography of South America. <strong>Give it a try!<\/strong><\/p><\/div><\/div>\n<\/div>\n\n\n\n<div class=\"wp-block-uagb-container uagb-block-e42dce70\">\n<figure class=\"wp-block-image size-large\"><a href=\"http:\/\/itisallmath.com\/es\/web-apps\/SouthAmeBasicGeoSample\/SouthAmeBasicGeoSample\/index.html\/\"><img loading=\"lazy\" decoding=\"async\" width=\"1024\" height=\"769\" src=\"https:\/\/itisallmath.com\/wp-content\/uploads\/2026\/02\/Sample-Cover1-1024x769.jpg\" alt=\"\" class=\"wp-image-2220\" srcset=\"https:\/\/itisallmath.com\/wp-content\/uploads\/2026\/02\/Sample-Cover1-1024x769.jpg 1024w, https:\/\/itisallmath.com\/wp-content\/uploads\/2026\/02\/Sample-Cover1-300x225.jpg 300w, https:\/\/itisallmath.com\/wp-content\/uploads\/2026\/02\/Sample-Cover1-768x577.jpg 768w, https:\/\/itisallmath.com\/wp-content\/uploads\/2026\/02\/Sample-Cover1-1536x1153.jpg 1536w, https:\/\/itisallmath.com\/wp-content\/uploads\/2026\/02\/Sample-Cover1-2048x1538.jpg 2048w, https:\/\/itisallmath.com\/wp-content\/uploads\/2026\/02\/Sample-Cover1-16x12.jpg 16w\" sizes=\"auto, (max-width: 1024px) 100vw, 1024px\" \/><\/a><\/figure>\n<\/div>\n<\/div><\/div>\n\n\n\n<div class=\"wp-block-uagb-container uagb-block-3e806b9b alignfull uagb-is-root-container\"><div class=\"uagb-container-inner-blocks-wrap\">\n<div class=\"wp-block-uagb-container uagb-block-917a279c\">\n<figure class=\"wp-block-image aligncenter size-large\"><a href=\"http:\/\/itisallmath.com\/es\/web-apps\/\/CreaDecimales3Digitos\/CreaDecimales3Digitos\/index.html\/\"><img loading=\"lazy\" decoding=\"async\" width=\"1024\" height=\"841\" src=\"https:\/\/itisallmath.com\/wp-content\/uploads\/2026\/02\/abacoDigitalDec-1024x841.png\" alt=\"\" class=\"wp-image-2206\" srcset=\"https:\/\/itisallmath.com\/wp-content\/uploads\/2026\/02\/abacoDigitalDec-1024x841.png 1024w, https:\/\/itisallmath.com\/wp-content\/uploads\/2026\/02\/abacoDigitalDec-300x246.png 300w, https:\/\/itisallmath.com\/wp-content\/uploads\/2026\/02\/abacoDigitalDec-768x630.png 768w, https:\/\/itisallmath.com\/wp-content\/uploads\/2026\/02\/abacoDigitalDec-1536x1261.png 1536w, https:\/\/itisallmath.com\/wp-content\/uploads\/2026\/02\/abacoDigitalDec-2048x1681.png 2048w, https:\/\/itisallmath.com\/wp-content\/uploads\/2026\/02\/abacoDigitalDec-15x12.png 15w\" sizes=\"auto, (max-width: 1024px) 100vw, 1024px\" \/><\/a><\/figure>\n<\/div>\n\n\n\n<div class=\"wp-block-uagb-container uagb-block-ac3c29ae\">\n<div class=\"wp-block-uagb-info-box uagb-block-bcdc1ffe uagb-infobox__content-wrap  uagb-infobox-icon-above-title uagb-infobox-image-valign-top\"><div class=\"uagb-ifb-content\"><div class=\"uagb-ifb-icon-wrap\"><svg xmlns=\"https:\/\/www.w3.org\/2000\/svg\" viewbox=\"0 0 512 512\"><path d=\"M0 256C0 114.6 114.6 0 256 0C397.4 0 512 114.6 512 256C512 397.4 397.4 512 256 512C114.6 512 0 397.4 0 256zM371.8 211.8C382.7 200.9 382.7 183.1 371.8 172.2C360.9 161.3 343.1 161.3 332.2 172.2L224 280.4L179.8 236.2C168.9 225.3 151.1 225.3 140.2 236.2C129.3 247.1 129.3 264.9 140.2 275.8L204.2 339.8C215.1 350.7 232.9 350.7 243.8 339.8L371.8 211.8z\"><\/path><\/svg><\/div><div class=\"uagb-ifb-title-wrap\"><h3 class=\"uagb-ifb-title\">\u00c1baco Digital CAMV<br>Crea N\u00fameros Decimales<\/h3><\/div><p class=\"uagb-ifb-desc\">El \u00e1baco digital CMAV es un instrumento de aprendizaje de sistemas num\u00e9ricos de conteo. Tambi\u00e9n sirve para ejecutar las operaciones b\u00e1sicas de la aritm\u00e9tica: suma, resta, multiplicaci\u00f3n y divisi\u00f3n.<br><br><br>El \u00e1baco esta compuesto de cajas horizontales (orden n,\u2026orden 2, orden 1, y orden 0) y cuentas o c\u00edrculos a la derecha de las cajas. Las cuentas, arrastrables a las cajas, representan unos (color verde), decenas (color azul), centenas (color naranja) y miles (color rojo), etc. Encima de las cajas hay etiquetas que describen el orden de la caja. Debajo de las cajas hay dos \u00e1reas, una que representa el contenido de la caja e inmediatamente debajo el valor num\u00e9rico de la caja.<\/p><\/div><\/div>\n<\/div>\n<\/div><\/div>\n\n\n\n<div class=\"wp-block-uagb-container uagb-block-1d053fec alignfull uagb-is-root-container\"><div class=\"uagb-container-inner-blocks-wrap\">\n<div class=\"wp-block-uagb-container uagb-block-0eafbd0e\">\n<div class=\"wp-block-uagb-info-box uagb-block-f63faae1 uagb-infobox__content-wrap  uagb-infobox-icon-above-title uagb-infobox-image-valign-top\"><div class=\"uagb-ifb-content\"><div class=\"uagb-ifb-icon-wrap\"><svg xmlns=\"https:\/\/www.w3.org\/2000\/svg\" viewbox=\"0 0 512 512\"><path d=\"M0 256C0 114.6 114.6 0 256 0C397.4 0 512 114.6 512 256C512 397.4 397.4 512 256 512C114.6 512 0 397.4 0 256zM371.8 211.8C382.7 200.9 382.7 183.1 371.8 172.2C360.9 161.3 343.1 161.3 332.2 172.2L224 280.4L179.8 236.2C168.9 225.3 151.1 225.3 140.2 236.2C129.3 247.1 129.3 264.9 140.2 275.8L204.2 339.8C215.1 350.7 232.9 350.7 243.8 339.8L371.8 211.8z\"><\/path><\/svg><\/div><div class=\"uagb-ifb-title-wrap\"><h3 class=\"uagb-ifb-title\">\u00c1baco Digital CAMV<br>Crea N\u00fameros Binarios<\/h3><\/div><p class=\"uagb-ifb-desc\">El \u00e1baco digital CMAV es un instrumento de aprendizaje de sistemas num\u00e9ricos de conteo. Tambi\u00e9n sirve para ejecutar las operaciones b\u00e1sicas de la aritm\u00e9tica: suma, resta, multiplicaci\u00f3n y divisi\u00f3n.<br><br><br>El \u00e1baco esta compuesto de cajas horizontales (orden n,\u2026orden 2, orden 1, y orden 0) y cuentas o c\u00edrculos a la derecha de las cajas. Las cuentas, arrastrables a las cajas, representan unos (color verde), dos (color azul), cuatros (color naranja) y ochos (color rojo), etc. Encima de las cajas hay etiquetas que describen el orden de la caja. Debajo de las cajas hay dos \u00e1reas, una que representa el contenido de la caja e inmediatamente debajo el valor num\u00e9rico de la caja.<\/p><\/div><\/div>\n<\/div>\n\n\n\n<div class=\"wp-block-uagb-container uagb-block-f5e7358a\">\n<figure class=\"wp-block-image size-large\"><a href=\"http:\/\/itisallmath.com\/es\/web-apps\/\/CreaBinarios3Digitos\/CreaBinarios3Digitos\/index.html\/\"><img loading=\"lazy\" decoding=\"async\" width=\"1024\" height=\"841\" src=\"https:\/\/itisallmath.com\/wp-content\/uploads\/2026\/02\/abacoDigitalBin-1024x841.png\" alt=\"\" class=\"wp-image-2199\" srcset=\"https:\/\/itisallmath.com\/wp-content\/uploads\/2026\/02\/abacoDigitalBin-1024x841.png 1024w, https:\/\/itisallmath.com\/wp-content\/uploads\/2026\/02\/abacoDigitalBin-300x246.png 300w, https:\/\/itisallmath.com\/wp-content\/uploads\/2026\/02\/abacoDigitalBin-768x630.png 768w, https:\/\/itisallmath.com\/wp-content\/uploads\/2026\/02\/abacoDigitalBin-1536x1261.png 1536w, https:\/\/itisallmath.com\/wp-content\/uploads\/2026\/02\/abacoDigitalBin-2048x1681.png 2048w, https:\/\/itisallmath.com\/wp-content\/uploads\/2026\/02\/abacoDigitalBin-15x12.png 15w\" sizes=\"auto, (max-width: 1024px) 100vw, 1024px\" \/><\/a><\/figure>\n<\/div>\n<\/div><\/div>\n\n\n\n<div class=\"wp-block-uagb-container uagb-block-8c0f2f1d alignfull uagb-is-root-container\"><div class=\"uagb-container-inner-blocks-wrap\">\n<div class=\"wp-block-uagb-container uagb-block-88be5c65\">\n<figure class=\"wp-block-image size-large\"><a href=\"http:\/\/itisallmath.com\/es\/web-apps\/GeometriaPlanaInteractivaMuestra\/GeometriaPlanaInteractivaMuestra\/index.html\/\"><img loading=\"lazy\" decoding=\"async\" width=\"1024\" height=\"767\" src=\"https:\/\/itisallmath.com\/wp-content\/uploads\/2026\/02\/Portada1-1024x767.png\" alt=\"\" class=\"wp-image-2230\" srcset=\"https:\/\/itisallmath.com\/wp-content\/uploads\/2026\/02\/Portada1-1024x767.png 1024w, https:\/\/itisallmath.com\/wp-content\/uploads\/2026\/02\/Portada1-300x225.png 300w, https:\/\/itisallmath.com\/wp-content\/uploads\/2026\/02\/Portada1-768x575.png 768w, https:\/\/itisallmath.com\/wp-content\/uploads\/2026\/02\/Portada1-1536x1150.png 1536w, https:\/\/itisallmath.com\/wp-content\/uploads\/2026\/02\/Portada1-2048x1533.png 2048w, https:\/\/itisallmath.com\/wp-content\/uploads\/2026\/02\/Portada1-16x12.png 16w\" sizes=\"auto, (max-width: 1024px) 100vw, 1024px\" \/><\/a><\/figure>\n<\/div>\n\n\n\n<div class=\"wp-block-uagb-container uagb-block-eadb2b15\">\n<div class=\"wp-block-uagb-info-box uagb-block-ba59b38d uagb-infobox__content-wrap  uagb-infobox-icon-above-title uagb-infobox-image-valign-top\"><div class=\"uagb-ifb-content\"><div class=\"uagb-ifb-icon-wrap\"><svg xmlns=\"https:\/\/www.w3.org\/2000\/svg\" viewbox=\"0 0 512 512\"><path d=\"M0 256C0 114.6 114.6 0 256 0C397.4 0 512 114.6 512 256C512 397.4 397.4 512 256 512C114.6 512 0 397.4 0 256zM371.8 211.8C382.7 200.9 382.7 183.1 371.8 172.2C360.9 161.3 343.1 161.3 332.2 172.2L224 280.4L179.8 236.2C168.9 225.3 151.1 225.3 140.2 236.2C129.3 247.1 129.3 264.9 140.2 275.8L204.2 339.8C215.1 350.7 232.9 350.7 243.8 339.8L371.8 211.8z\"><\/path><\/svg><\/div><div class=\"uagb-ifb-title-wrap\"><h3 class=\"uagb-ifb-title\">Geometr\u00eda Plana Interactiva &#8211; Una Muestra<\/h3><\/div><p class=\"uagb-ifb-desc\">La aplicaci\u00f3n Geometr\u00eda Plana Interactiva es desarrollada por Carlos M. Arroyave V.&nbsp; esencialmente a usando a <em><a href=\"https:\/\/www.pubcoder.com\">PubCoder<\/a><\/em>. Algunas partes interactivas son desarrolladas con <a href=\"https:\/\/tumult.com\/hype\/\"><em>Tumult Hype<\/em><\/a>, <em><a href=\"https:\/\/www.geogebra.org\">GeoGebra<\/a><\/em>, y estoy planeando usar a <em><a href=\"https:\/\/www.desmos.com\">Desmos<\/a><\/em>.<br><br><br>La aplicaci\u00f3n esta desarrollada para ense\u00f1ar y motivar el aprendizaje de la geometr\u00eda euclidiana en ni\u00f1os y adolescentes principalmente.<br><br><br>En una forma interactiva y entretenida ense\u00f1a los Notiones b\u00e1sicas de los objetos de los que se ocupa la geometr\u00eda plana, similar al desarrollo seguido en el libro I de Euclides. diferente al libro de Euclides, he decidido incluir los conceptos de simetr\u00eda, que a mi juicio, como f\u00edsico, son important\u00edsimos para entender y describir much\u00edsimos fen\u00f3menos naturales. Atr\u00e9vete y mira con cuidado sus contenido! Pronto aparecer\u00e1n varios m\u00f3dulos en Apple Store y Google Play!<\/p><\/div><\/div>\n<\/div>\n<\/div><\/div>\n\n\n\n<p><\/p>","protected":false},"excerpt":{"rendered":"<p>Interactive EPUBs and Web Apps Created with PubCoder<\/p>","protected":false},"author":1,"featured_media":0,"parent":84,"menu_order":4,"comment_status":"closed","ping_status":"closed","template":"","meta":{"inline_featured_image":false,"_uag_custom_page_level_css":"","_monsterinsights_skip_tracking":false,"_monsterinsights_sitenote_active":false,"_monsterinsights_sitenote_note":"","_monsterinsights_sitenote_category":0,"site-sidebar-layout":"default","site-content-layout":"","ast-site-content-layout":"default","site-content-style":"default","site-sidebar-style":"default","ast-global-header-display":"","ast-banner-title-visibility":"","ast-main-header-display":"","ast-hfb-above-header-display":"","ast-hfb-below-header-display":"","ast-hfb-mobile-header-display":"","site-post-title":"disabled","ast-breadcrumbs-content":"","ast-featured-img":"","footer-sml-layout":"","ast-disable-related-posts":"","theme-transparent-header-meta":"","adv-header-id-meta":"","stick-header-meta":"","header-above-stick-meta":"","header-main-stick-meta":"","header-below-stick-meta":"","astra-migrate-meta-layouts":"default","ast-page-background-enabled":"default","ast-page-background-meta":{"desktop":{"background-color":"var(--ast-global-color-5)","background-image":"","background-repeat":"repeat","background-position":"center center","background-size":"auto","background-attachment":"scroll","background-type":"","background-media":"","overlay-type":"","overlay-color":"","overlay-opacity":"","overlay-gradient":""},"tablet":{"background-color":"","background-image":"","background-repeat":"repeat","background-position":"center center","background-size":"auto","background-attachment":"scroll","background-type":"","background-media":"","overlay-type":"","overlay-color":"","overlay-opacity":"","overlay-gradient":""},"mobile":{"background-color":"","background-image":"","background-repeat":"repeat","background-position":"center center","background-size":"auto","background-attachment":"scroll","background-type":"","background-media":"","overlay-type":"","overlay-color":"","overlay-opacity":"","overlay-gradient":""}},"ast-content-background-meta":{"desktop":{"background-color":"var(--ast-global-color-4)","background-image":"","background-repeat":"repeat","background-position":"center center","background-size":"auto","background-attachment":"scroll","background-type":"","background-media":"","overlay-type":"","overlay-color":"","overlay-opacity":"","overlay-gradient":""},"tablet":{"background-color":"var(--ast-global-color-4)","background-image":"","background-repeat":"repeat","background-position":"center center","background-size":"auto","background-attachment":"scroll","background-type":"","background-media":"","overlay-type":"","overlay-color":"","overlay-opacity":"","overlay-gradient":""},"mobile":{"background-color":"var(--ast-global-color-4)","background-image":"","background-repeat":"repeat","background-position":"center center","background-size":"auto","background-attachment":"scroll","background-type":"","background-media":"","overlay-type":"","overlay-color":"","overlay-opacity":"","overlay-gradient":""}},"footnotes":""},"wf_page_folders":[85],"class_list":["post-109","page","type-page","status-publish","hentry"],"_hostinger_reach_plugin_has_subscription_block":false,"_hostinger_reach_plugin_is_elementor":false,"uagb_featured_image_src":{"full":false,"thumbnail":false,"medium":false,"medium_large":false,"large":false,"hd_qu_size2":false,"1536x1536":false,"2048x2048":false,"trp-custom-language-flag":false},"uagb_author_info":{"display_name":"carroyav02@gmail.com","author_link":"https:\/\/itisallmath.com\/es\/author\/carroyav02gmail-com\/"},"uagb_comment_info":0,"uagb_excerpt":"Interactive EPUBs and Web Apps Created with PubCoder","_links":{"self":[{"href":"https:\/\/itisallmath.com\/es\/wp-json\/wp\/v2\/pages\/109","targetHints":{"allow":["GET"]}}],"collection":[{"href":"https:\/\/itisallmath.com\/es\/wp-json\/wp\/v2\/pages"}],"about":[{"href":"https:\/\/itisallmath.com\/es\/wp-json\/wp\/v2\/types\/page"}],"author":[{"embeddable":true,"href":"https:\/\/itisallmath.com\/es\/wp-json\/wp\/v2\/users\/1"}],"replies":[{"embeddable":true,"href":"https:\/\/itisallmath.com\/es\/wp-json\/wp\/v2\/comments?post=109"}],"version-history":[{"count":48,"href":"https:\/\/itisallmath.com\/es\/wp-json\/wp\/v2\/pages\/109\/revisions"}],"predecessor-version":[{"id":2241,"href":"https:\/\/itisallmath.com\/es\/wp-json\/wp\/v2\/pages\/109\/revisions\/2241"}],"up":[{"embeddable":true,"href":"https:\/\/itisallmath.com\/es\/wp-json\/wp\/v2\/pages\/84"}],"wp:attachment":[{"href":"https:\/\/itisallmath.com\/es\/wp-json\/wp\/v2\/media?parent=109"}],"wp:term":[{"taxonomy":"wf_page_folders","embeddable":true,"href":"https:\/\/itisallmath.com\/es\/wp-json\/wp\/v2\/wf_page_folders?post=109"}],"curies":[{"name":"wp","href":"https:\/\/api.w.org\/{rel}","templated":true}]}}